{"id":49,"date":"2017-12-08T20:48:07","date_gmt":"2017-12-08T20:48:07","guid":{"rendered":"http:\/\/localhost\/tacuarembo\/?page_id=49"},"modified":"2018-10-02T12:31:58","modified_gmt":"2018-10-02T12:31:58","slug":"privacidad","status":"publish","type":"page","link":"https:\/\/tacuarembo.gub.uy\/?page_id=49","title":{"rendered":"Pol\u00edtica de Privacidad"},"content":{"rendered":"<p class=\"Page-description\">Conforme a lo dispuesto en la Ley N\u00ba 18.331, de 11 de agosto de 2008, y el Decreto N\u00ba 414\/009, de 21 de agosto de 2009, modificativas y concordantes, sobre protecci\u00f3n de datos personales y Habeas Data, el tratamiento de datos personales que se realiza en el sitio web tacuarembo.gub.uy de la Intendencia Departamental de Tacuaremb\u00f3, se rige por las siguientes disposiciones:<\/p>\n<h3 id=\"1-finalidad\">1. Finalidad<\/h3>\n<p>Los datos personales que se recaben ser\u00e1n utilizados con la finalidad de brindar un mejor servicio y facilitar el uso del sitio web a trav\u00e9s del an\u00e1lisis del n\u00famero y frecuencia de visita.<\/p>\n<p>Respecto de la recolecci\u00f3n y tratamiento de datos realizado mediante mecanismos automatizados con el objeto de generar registros de actividad de los visitantes, el Gobierno Departamental de Tacuaremb\u00f3 en ning\u00fan caso realizar\u00e1 operaciones que impliquen asociar dicha informaci\u00f3n a alg\u00fan usuario identificado o identificable.<\/p>\n<h3 id=\"2-contacto-y-formularios-web\">2. Contacto y formularios web<\/h3>\n<p>El formulario \u00abCont\u00e1ctenos\u00bb del sitio web est\u00e1 concebido como un buz\u00f3n de atenci\u00f3n al ciudadano y tiene como objetivo facilitar las comunicaciones e intercambio de informaci\u00f3n entre los interesados y el Gobierno Departamental de Tacuaremb\u00f3, y los datos se mantendr\u00e1n con la finalidad de recibir y responder consultas, as\u00ed como obtener datos estad\u00edsticos de las mismas.<\/p>\n<p>El formulario \u00abCont\u00e1ctenos\u00bb del sitio web est\u00e1 concebido como un buz\u00f3n de atenci\u00f3n al ciudadano y tiene como objetivo facilitar las comunicaciones e intercambio de informaci\u00f3n entre los interesados y el Gobierno Departamental de Tacuaremb\u00f3, y los datos se mantendr\u00e1n con la finalidad de recibir y responder consultas, as\u00ed como obtener datos estad\u00edsticos de las mismas.<\/p>\n<h3 id=\"3-comunicaci-n-de-datos-personales\">3. Comunicaci\u00f3n de datos personales<\/h3>\n<p>Los datos personales recabados podr\u00e1n ser comunicados a Entidades P\u00fablicas o a terceros, \u00fanica y exclusivamente, cuando la consecuci\u00f3n de la finalidad perseguida por el usuario as\u00ed lo requiera, o con su consentimiento.<\/p>\n<h3 id=\"5-ejercicio-de-los-derechos\">4. Ejercicio de los derechos<\/h3>\n<p>El Usuario podr\u00e1 en todo momento ejercer los derechos de acceso, rectificaci\u00f3n, actualizaci\u00f3n, inclusi\u00f3n y supresi\u00f3n, otorgados por la Ley N\u00ba 18.331, sus modificativas y concordantes, ante&nbsp;Gobierno Departamental de Tacuaremb\u00f3 a trav\u00e9s del formulario de \u00abContacto\u00bb, o personalmente dirigi\u00e9ndose a 18 de julio 164 en Tacuaremb\u00f3, Uruguay.<\/p>\n<h3 id=\"6-cookies\">5. Cookies<\/h3>\n<p>El Gobierno Departamental de Tacuaremb\u00f3 podr\u00e1 utilizar cookies cuando el usuario navega por el sitio web, pero \u00e9ste puede configurar su navegador para ser avisado de la recepci\u00f3n de las cookies e impedir en caso de considerarlo adecuado su instalaci\u00f3n en el disco duro.<\/p>\n<h3 id=\"7-enlaces\">6. Enlaces<\/h3>\n<p>La presente Pol\u00edtica de Privacidad es de aplicaci\u00f3n exclusiva al sitio web del Gobierno Departamental de Tacuaremb y no se extiende a los casos de acceso a la misma a trav\u00e9s de enlaces externos, ni tampoco en los enlaces de este sitio a otros sitios web, de acuerdo a lo dispuesto en el Numeral 4\u00ba de las Condiciones de Uso del presente sitio.<\/p>\n","protected":false},"excerpt":{"rendered":"<p>Conforme a lo dispuesto en la Ley N\u00ba 18.331, de 11 de agosto de 2008, y el Decreto N\u00ba 414\/009, de 21 de agosto de&#8230;<\/p>\n","protected":false},"author":1,"featured_media":0,"parent":0,"menu_order":0,"comment_status":"closed","ping_status":"closed","template":"","meta":{"_eb_attr":"","footnotes":""},"class_list":["post-49","page","type-page","status-publish"],"_links":{"self":[{"href":"https:\/\/tacuarembo.gub.uy\/index.php?rest_route=\/wp\/v2\/pages\/49","targetHints":{"allow":["GET"]}}],"collection":[{"href":"https:\/\/tacuarembo.gub.uy\/index.php?rest_route=\/wp\/v2\/pages"}],"about":[{"href":"https:\/\/tacuarembo.gub.uy\/index.php?rest_route=\/wp\/v2\/types\/page"}],"author":[{"embeddable":true,"href":"https:\/\/tacuarembo.gub.uy\/index.php?rest_route=\/wp\/v2\/users\/1"}],"replies":[{"embeddable":true,"href":"https:\/\/tacuarembo.gub.uy\/index.php?rest_route=%2Fwp%2Fv2%2Fcomments&post=49"}],"version-history":[{"count":2,"href":"https:\/\/tacuarembo.gub.uy\/index.php?rest_route=\/wp\/v2\/pages\/49\/revisions"}],"predecessor-version":[{"id":534,"href":"https:\/\/tacuarembo.gub.uy\/index.php?rest_route=\/wp\/v2\/pages\/49\/revisions\/534"}],"wp:attachment":[{"href":"https:\/\/tacuarembo.gub.uy\/index.php?rest_route=%2Fwp%2Fv2%2Fmedia&parent=49"}],"curies":[{"name":"wp","href":"https:\/\/api.w.org\/{rel}","templated":true}]}}