{"id":25496,"date":"2024-05-06T10:47:52","date_gmt":"2024-05-06T13:47:52","guid":{"rendered":"https:\/\/tacuarembo.gub.uy\/?page_id=25496"},"modified":"2025-05-15T14:31:56","modified_gmt":"2025-05-15T17:31:56","slug":"ordenamiento-territorial-3","status":"publish","type":"page","link":"https:\/\/tacuarembo.gub.uy\/?page_id=25496","title":{"rendered":"Ordenamiento Territorial"},"content":{"rendered":"\n<h3 class=\"wp-block-heading\"><strong>NORMATIVA VIGENTE<\/strong><\/h3>\n\n\n\n<pre class=\"wp-block-preformatted\">PROXIMAMENTE<\/pre>\n\n\n\n<h3 class=\"wp-block-heading\"><strong>GESTION DE EXPEDIENTES<\/strong><\/h3>\n\n\n\n<pre class=\"wp-block-preformatted\">PROXIMAMENTE<\/pre>\n\n\n\n<h3 class=\"wp-block-heading\"><strong>SISTEMA DE INFORMACION TERRITORIAL<\/strong><\/h3>\n\n\n\n<pre class=\"wp-block-preformatted\">PROXIMAMENTE<\/pre>\n\n\n\n<h3 class=\"wp-block-heading\"><strong>PLANIFICACI\u00d3<\/strong>N<\/h3>\n\n\n\n<p>Revision Plan Local Tacuaremb\u00f3<\/p>\n\n\n\n<p><\/p>\n\n\n\n<p>\u00abAprobaci\u00f3n definitiva en proceso, por informaci\u00f3n consultar en la Direcci\u00f3n Gral. de Ordenamiento Territorial, tel\u00e9fono 4632 46 71 al 76 interno 214 o 239\u00bb<\/p>\n\n\n\n<p><\/p>\n\n\n\n<p><\/p>\n\n\n\n<p><\/p>\n","protected":false},"excerpt":{"rendered":"<p>NORMATIVA VIGENTE PROXIMAMENTE GESTION DE EXPEDIENTES PROXIMAMENTE SISTEMA DE INFORMACION TERRITORIAL PROXIMAMENTE PLANIFICACI\u00d3N Revision Plan Local Tacuaremb\u00f3 \u00abAprobaci\u00f3n definitiva en proceso, por informaci\u00f3n consultar en&#8230;<\/p>\n","protected":false},"author":3,"featured_media":0,"parent":0,"menu_order":0,"comment_status":"closed","ping_status":"closed","template":"","meta":{"_eb_attr":"","footnotes":""},"class_list":["post-25496","page","type-page","status-publish"],"_links":{"self":[{"href":"https:\/\/tacuarembo.gub.uy\/index.php?rest_route=\/wp\/v2\/pages\/25496","targetHints":{"allow":["GET"]}}],"collection":[{"href":"https:\/\/tacuarembo.gub.uy\/index.php?rest_route=\/wp\/v2\/pages"}],"about":[{"href":"https:\/\/tacuarembo.gub.uy\/index.php?rest_route=\/wp\/v2\/types\/page"}],"author":[{"embeddable":true,"href":"https:\/\/tacuarembo.gub.uy\/index.php?rest_route=\/wp\/v2\/users\/3"}],"replies":[{"embeddable":true,"href":"https:\/\/tacuarembo.gub.uy\/index.php?rest_route=%2Fwp%2Fv2%2Fcomments&post=25496"}],"version-history":[{"count":24,"href":"https:\/\/tacuarembo.gub.uy\/index.php?rest_route=\/wp\/v2\/pages\/25496\/revisions"}],"predecessor-version":[{"id":30865,"href":"https:\/\/tacuarembo.gub.uy\/index.php?rest_route=\/wp\/v2\/pages\/25496\/revisions\/30865"}],"wp:attachment":[{"href":"https:\/\/tacuarembo.gub.uy\/index.php?rest_route=%2Fwp%2Fv2%2Fmedia&parent=25496"}],"curies":[{"name":"wp","href":"https:\/\/api.w.org\/{rel}","templated":true}]}}